{"id":2519,"date":"2024-06-12T11:11:33","date_gmt":"2024-06-12T14:11:33","guid":{"rendered":"https:\/\/pcimt.org\/?page_id=2519"},"modified":"2024-07-02T09:54:35","modified_gmt":"2024-07-02T12:54:35","slug":"rede-de-inteligencia-territorial","status":"publish","type":"page","link":"https:\/\/pcimt.org\/en\/monitoramento\/rede-de-inteligencia-territorial\/","title":{"rendered":"Territorial Intelligence Network"},"content":{"rendered":"<div data-elementor-type=\"wp-page\" data-elementor-id=\"2519\" class=\"elementor elementor-2519\" data-elementor-post-type=\"page\">\n\t\t\t\t\t\t<section data-particle_enable=\"false\" data-particle-mobile-disabled=\"false\" class=\"elementor-section elementor-top-section elementor-element elementor-element-6972ae3 elementor-section-boxed elementor-section-height-default elementor-section-height-default\" data-id=\"6972ae3\" data-element_type=\"section\" data-e-type=\"section\" data-settings=\"{&quot;background_background&quot;:&quot;classic&quot;,&quot;ekit_has_onepagescroll_dot&quot;:&quot;yes&quot;}\">\n\t\t\t\t\t\t\t<div class=\"elementor-background-overlay\"><\/div>\n\t\t\t\t\t\t\t<div class=\"elementor-container elementor-column-gap-default\">\n\t\t\t\t\t<div class=\"elementor-column elementor-col-100 elementor-top-column elementor-element elementor-element-a0ce325\" data-id=\"a0ce325\" data-element_type=\"column\" data-e-type=\"column\">\n\t\t\t<div class=\"elementor-widget-wrap elementor-element-populated\">\n\t\t\t\t\t\t<div class=\"elementor-element elementor-element-ab5c98c elementor-widget elementor-widget-heading\" data-id=\"ab5c98c\" data-element_type=\"widget\" data-e-type=\"widget\" data-settings=\"{&quot;ekit_we_effect_on&quot;:&quot;none&quot;}\" data-widget_type=\"heading.default\">\n\t\t\t\t<div class=\"elementor-widget-container\">\n\t\t\t\t\t<h1 class=\"elementor-heading-title elementor-size-default\">Territorial Intelligence Network<\/h1>\t\t\t\t<\/div>\n\t\t\t\t<\/div>\n\t\t\t\t<div class=\"elementor-element elementor-element-a7fee35 elementor-widget elementor-widget-heading\" data-id=\"a7fee35\" data-element_type=\"widget\" data-e-type=\"widget\" data-settings=\"{&quot;ekit_we_effect_on&quot;:&quot;none&quot;}\" data-widget_type=\"heading.default\">\n\t\t\t\t<div class=\"elementor-widget-container\">\n\t\t\t\t\t<div class=\"elementor-heading-title elementor-size-default\">The goals of the PCI strategy in numbers for monitoring and evaluating progress towards established targets\n<\/div>\t\t\t\t<\/div>\n\t\t\t\t<\/div>\n\t\t\t\t\t<\/div>\n\t\t<\/div>\n\t\t\t\t\t<\/div>\n\t\t<\/section>\n\t\t\t\t<section data-particle_enable=\"false\" data-particle-mobile-disabled=\"false\" class=\"elementor-section elementor-top-section elementor-element elementor-element-5b30074 elementor-section-boxed elementor-section-height-default elementor-section-height-default\" data-id=\"5b30074\" data-element_type=\"section\" data-e-type=\"section\" data-settings=\"{&quot;background_background&quot;:&quot;classic&quot;,&quot;ekit_has_onepagescroll_dot&quot;:&quot;yes&quot;}\">\n\t\t\t\t\t\t<div class=\"elementor-container elementor-column-gap-default\">\n\t\t\t\t\t<div class=\"elementor-column elementor-col-100 elementor-top-column elementor-element elementor-element-480fe0a\" data-id=\"480fe0a\" data-element_type=\"column\" data-e-type=\"column\">\n\t\t\t<div class=\"elementor-widget-wrap elementor-element-populated\">\n\t\t\t\t\t\t<div class=\"elementor-element elementor-element-b681334 elementor-widget__width-auto elementor-widget elementor-widget-image\" data-id=\"b681334\" data-element_type=\"widget\" data-e-type=\"widget\" data-settings=\"{&quot;ekit_we_effect_on&quot;:&quot;none&quot;}\" data-widget_type=\"image.default\">\n\t\t\t\t<div class=\"elementor-widget-container\">\n\t\t\t\t\t\t\t\t\t\t\t\t\t\t\t<img decoding=\"async\" width=\"24\" height=\"24\" src=\"https:\/\/pcimt.org\/wp-content\/uploads\/2024\/06\/icon-pci.webp\" class=\"attachment-full size-full wp-image-1194\" alt=\"\" srcset=\"https:\/\/pcimt.org\/wp-content\/uploads\/2024\/06\/icon-pci.webp 24w, https:\/\/pcimt.org\/wp-content\/uploads\/2024\/06\/icon-pci-12x12.webp 12w\" sizes=\"(max-width: 24px) 100vw, 24px\" \/>\t\t\t\t\t\t\t\t\t\t\t\t\t\t\t<\/div>\n\t\t\t\t<\/div>\n\t\t\t\t<div class=\"elementor-element elementor-element-7b6d590 elementor-widget__width-auto elementor-widget elementor-widget-heading\" data-id=\"7b6d590\" data-element_type=\"widget\" data-e-type=\"widget\" data-settings=\"{&quot;ekit_we_effect_on&quot;:&quot;none&quot;}\" data-widget_type=\"heading.default\">\n\t\t\t\t<div class=\"elementor-widget-container\">\n\t\t\t\t\t<div class=\"elementor-heading-title elementor-size-default\">PCI Intelligence<\/div>\t\t\t\t<\/div>\n\t\t\t\t<\/div>\n\t\t\t\t<section data-particle_enable=\"false\" data-particle-mobile-disabled=\"false\" class=\"elementor-section elementor-inner-section elementor-element elementor-element-5653e53 elementor-section-boxed elementor-section-height-default elementor-section-height-default\" data-id=\"5653e53\" data-element_type=\"section\" data-e-type=\"section\" data-settings=\"{&quot;ekit_has_onepagescroll_dot&quot;:&quot;yes&quot;}\">\n\t\t\t\t\t\t<div class=\"elementor-container elementor-column-gap-default\">\n\t\t\t\t\t<div class=\"elementor-column elementor-col-50 elementor-inner-column elementor-element elementor-element-e238a79\" data-id=\"e238a79\" data-element_type=\"column\" data-e-type=\"column\">\n\t\t\t<div class=\"elementor-widget-wrap elementor-element-populated\">\n\t\t\t\t\t\t<div class=\"elementor-element elementor-element-4a33c1f elementor-widget elementor-widget-heading\" data-id=\"4a33c1f\" data-element_type=\"widget\" data-e-type=\"widget\" data-settings=\"{&quot;ekit_we_effect_on&quot;:&quot;none&quot;}\" data-widget_type=\"heading.default\">\n\t\t\t\t<div class=\"elementor-widget-container\">\n\t\t\t\t\t<div class=\"elementor-heading-title elementor-size-default\">Territorial Intelligence Network\n<\/div>\t\t\t\t<\/div>\n\t\t\t\t<\/div>\n\t\t\t\t<div class=\"elementor-element elementor-element-0042835 elementor-widget elementor-widget-text-editor\" data-id=\"0042835\" data-element_type=\"widget\" data-e-type=\"widget\" data-settings=\"{&quot;ekit_we_effect_on&quot;:&quot;none&quot;}\" data-widget_type=\"text-editor.default\">\n\t\t\t\t<div class=\"elementor-widget-container\">\n\t\t\t\t\t\t\t\t\tOne of the actions foreseen in the Monitoring Committee's Action Plan is the formation of a Territorial Intelligence Network, connecting research institutions interested in supporting the Committee with territorial data and analyses that can identify critical points for PCI action in the territory, as well as subsidize public policy in Mato Grosso. \n\t\t\t\t\t\t\t\t<\/div>\n\t\t\t\t<\/div>\n\t\t\t\t\t<\/div>\n\t\t<\/div>\n\t\t\t\t<div class=\"elementor-column elementor-col-50 elementor-inner-column elementor-element elementor-element-1bf27aa\" data-id=\"1bf27aa\" data-element_type=\"column\" data-e-type=\"column\">\n\t\t\t<div class=\"elementor-widget-wrap elementor-element-populated\">\n\t\t\t\t\t\t<div class=\"elementor-element elementor-element-0c2d1c2 elementor-widget elementor-widget-image\" data-id=\"0c2d1c2\" data-element_type=\"widget\" data-e-type=\"widget\" data-settings=\"{&quot;ekit_we_effect_on&quot;:&quot;none&quot;}\" data-widget_type=\"image.default\">\n\t\t\t\t<div class=\"elementor-widget-container\">\n\t\t\t\t\t\t\t\t\t\t\t\t\t\t\t<img fetchpriority=\"high\" decoding=\"async\" width=\"1200\" height=\"800\" src=\"https:\/\/pcimt.org\/wp-content\/uploads\/2024\/06\/rede-de-inteligencia.webp\" class=\"attachment-full size-full wp-image-2872\" alt=\"\" srcset=\"https:\/\/pcimt.org\/wp-content\/uploads\/2024\/06\/rede-de-inteligencia.webp 1200w, https:\/\/pcimt.org\/wp-content\/uploads\/2024\/06\/rede-de-inteligencia-300x200.webp 300w, https:\/\/pcimt.org\/wp-content\/uploads\/2024\/06\/rede-de-inteligencia-1024x683.webp 1024w, https:\/\/pcimt.org\/wp-content\/uploads\/2024\/06\/rede-de-inteligencia-768x512.webp 768w, https:\/\/pcimt.org\/wp-content\/uploads\/2024\/06\/rede-de-inteligencia-18x12.webp 18w\" sizes=\"(max-width: 1200px) 100vw, 1200px\" \/>\t\t\t\t\t\t\t\t\t\t\t\t\t\t\t<\/div>\n\t\t\t\t<\/div>\n\t\t\t\t\t<\/div>\n\t\t<\/div>\n\t\t\t\t\t<\/div>\n\t\t<\/section>\n\t\t\t\t\t<\/div>\n\t\t<\/div>\n\t\t\t\t\t<\/div>\n\t\t<\/section>\n\t\t\t\t<\/div>","protected":false},"excerpt":{"rendered":"<p>Os objetivos da estrat\u00e9gia PCI em n\u00fameros para acompanhamento e avalia\u00e7\u00e3o dos avan\u00e7os em dire\u00e7\u00e3o \u00e0s metas estabelecidas Intelig\u00eancia PCI Rede de Intelig\u00eancia Territorial Uma das a\u00e7\u00f5es previstas no Plano de A\u00e7\u00e3o do Comit\u00ea de Monitoramento \u00e9 a forma\u00e7\u00e3o de uma Rede de Intelig\u00eancia Territorial, conectando ao Comit\u00ea institui\u00e7\u00f5es de pesquisa interessadas em apoiar o [&hellip;]<\/p>\n","protected":false},"author":1,"featured_media":0,"parent":772,"menu_order":0,"comment_status":"closed","ping_status":"closed","template":"elementor_header_footer","meta":{"ocean_post_layout":"","ocean_both_sidebars_style":"","ocean_both_sidebars_content_width":0,"ocean_both_sidebars_sidebars_width":0,"ocean_sidebar":"","ocean_second_sidebar":"","ocean_disable_margins":"enable","ocean_add_body_class":"","ocean_shortcode_before_top_bar":"","ocean_shortcode_after_top_bar":"","ocean_shortcode_before_header":"","ocean_shortcode_after_header":"","ocean_has_shortcode":"","ocean_shortcode_after_title":"","ocean_shortcode_before_footer_widgets":"","ocean_shortcode_after_footer_widgets":"","ocean_shortcode_before_footer_bottom":"","ocean_shortcode_after_footer_bottom":"","ocean_display_top_bar":"default","ocean_display_header":"default","ocean_header_style":"","ocean_center_header_left_menu":"","ocean_custom_header_template":"","ocean_custom_logo":0,"ocean_custom_retina_logo":0,"ocean_custom_logo_max_width":0,"ocean_custom_logo_tablet_max_width":0,"ocean_custom_logo_mobile_max_width":0,"ocean_custom_logo_max_height":0,"ocean_custom_logo_tablet_max_height":0,"ocean_custom_logo_mobile_max_height":0,"ocean_header_custom_menu":"","ocean_menu_typo_font_family":"","ocean_menu_typo_font_subset":"","ocean_menu_typo_font_size":0,"ocean_menu_typo_font_size_tablet":0,"ocean_menu_typo_font_size_mobile":0,"ocean_menu_typo_font_size_unit":"px","ocean_menu_typo_font_weight":"","ocean_menu_typo_font_weight_tablet":"","ocean_menu_typo_font_weight_mobile":"","ocean_menu_typo_transform":"","ocean_menu_typo_transform_tablet":"","ocean_menu_typo_transform_mobile":"","ocean_menu_typo_line_height":0,"ocean_menu_typo_line_height_tablet":0,"ocean_menu_typo_line_height_mobile":0,"ocean_menu_typo_line_height_unit":"","ocean_menu_typo_spacing":0,"ocean_menu_typo_spacing_tablet":0,"ocean_menu_typo_spacing_mobile":0,"ocean_menu_typo_spacing_unit":"","ocean_menu_link_color":"","ocean_menu_link_color_hover":"","ocean_menu_link_color_active":"","ocean_menu_link_background":"","ocean_menu_link_hover_background":"","ocean_menu_link_active_background":"","ocean_menu_social_links_bg":"","ocean_menu_social_hover_links_bg":"","ocean_menu_social_links_color":"","ocean_menu_social_hover_links_color":"","ocean_disable_title":"on","ocean_disable_heading":"default","ocean_post_title":"","ocean_post_subheading":"","ocean_post_title_style":"","ocean_post_title_background_color":"","ocean_post_title_background":0,"ocean_post_title_bg_image_position":"","ocean_post_title_bg_image_attachment":"","ocean_post_title_bg_image_repeat":"","ocean_post_title_bg_image_size":"","ocean_post_title_height":0,"ocean_post_title_bg_overlay":0.5,"ocean_post_title_bg_overlay_color":"","ocean_disable_breadcrumbs":"default","ocean_breadcrumbs_color":"","ocean_breadcrumbs_separator_color":"","ocean_breadcrumbs_links_color":"","ocean_breadcrumbs_links_hover_color":"","ocean_display_footer_widgets":"default","ocean_display_footer_bottom":"default","ocean_custom_footer_template":"","footnotes":""},"class_list":["post-2519","page","type-page","status-publish","hentry","entry"],"yoast_head":"<!-- This site is optimized with the Yoast SEO plugin v27.1.1 - https:\/\/yoast.com\/product\/yoast-seo-wordpress\/ -->\n<title>Rede de Intelig\u00eancia Territorial - PCI<\/title>\n<meta name=\"robots\" content=\"index, follow, max-snippet:-1, max-image-preview:large, max-video-preview:-1\" \/>\n<link rel=\"canonical\" href=\"https:\/\/pcimt.org\/en\/monitoramento\/rede-de-inteligencia-territorial\/\" \/>\n<meta property=\"og:locale\" content=\"en_US\" \/>\n<meta property=\"og:type\" content=\"article\" \/>\n<meta property=\"og:title\" content=\"Rede de Intelig\u00eancia Territorial - PCI\" \/>\n<meta property=\"og:description\" content=\"Os objetivos da estrat\u00e9gia PCI em n\u00fameros para acompanhamento e avalia\u00e7\u00e3o dos avan\u00e7os em dire\u00e7\u00e3o \u00e0s metas estabelecidas Intelig\u00eancia PCI Rede de Intelig\u00eancia Territorial Uma das a\u00e7\u00f5es previstas no Plano de A\u00e7\u00e3o do Comit\u00ea de Monitoramento \u00e9 a forma\u00e7\u00e3o de uma Rede de Intelig\u00eancia Territorial, conectando ao Comit\u00ea institui\u00e7\u00f5es de pesquisa interessadas em apoiar o [&hellip;]\" \/>\n<meta property=\"og:url\" content=\"https:\/\/pcimt.org\/en\/monitoramento\/rede-de-inteligencia-territorial\/\" \/>\n<meta property=\"og:site_name\" content=\"PCI\" \/>\n<meta property=\"article:modified_time\" content=\"2024-07-02T12:54:35+00:00\" \/>\n<meta property=\"og:image\" content=\"http:\/\/pcimt.org\/wp-content\/uploads\/2024\/06\/icon-pci.webp\" \/>\n<meta name=\"twitter:card\" content=\"summary_large_image\" \/>\n<meta name=\"twitter:label1\" content=\"Est. reading time\" \/>\n\t<meta name=\"twitter:data1\" content=\"1 minute\" \/>\n<script type=\"application\/ld+json\" class=\"yoast-schema-graph\">{\"@context\":\"https:\/\/schema.org\",\"@graph\":[{\"@type\":\"WebPage\",\"@id\":\"https:\/\/pcimt.org\/monitoramento\/rede-de-inteligencia-territorial\/\",\"url\":\"https:\/\/pcimt.org\/monitoramento\/rede-de-inteligencia-territorial\/\",\"name\":\"Rede de Intelig\u00eancia Territorial - PCI\",\"isPartOf\":{\"@id\":\"http:\/\/pcimt.org\/#website\"},\"primaryImageOfPage\":{\"@id\":\"https:\/\/pcimt.org\/monitoramento\/rede-de-inteligencia-territorial\/#primaryimage\"},\"image\":{\"@id\":\"https:\/\/pcimt.org\/monitoramento\/rede-de-inteligencia-territorial\/#primaryimage\"},\"thumbnailUrl\":\"http:\/\/pcimt.org\/wp-content\/uploads\/2024\/06\/icon-pci.webp\",\"datePublished\":\"2024-06-12T14:11:33+00:00\",\"dateModified\":\"2024-07-02T12:54:35+00:00\",\"breadcrumb\":{\"@id\":\"https:\/\/pcimt.org\/monitoramento\/rede-de-inteligencia-territorial\/#breadcrumb\"},\"inLanguage\":\"en-US\",\"potentialAction\":[{\"@type\":\"ReadAction\",\"target\":[\"https:\/\/pcimt.org\/monitoramento\/rede-de-inteligencia-territorial\/\"]}]},{\"@type\":\"ImageObject\",\"inLanguage\":\"en-US\",\"@id\":\"https:\/\/pcimt.org\/monitoramento\/rede-de-inteligencia-territorial\/#primaryimage\",\"url\":\"http:\/\/pcimt.org\/wp-content\/uploads\/2024\/06\/icon-pci.webp\",\"contentUrl\":\"http:\/\/pcimt.org\/wp-content\/uploads\/2024\/06\/icon-pci.webp\"},{\"@type\":\"BreadcrumbList\",\"@id\":\"https:\/\/pcimt.org\/monitoramento\/rede-de-inteligencia-territorial\/#breadcrumb\",\"itemListElement\":[{\"@type\":\"ListItem\",\"position\":1,\"name\":\"In\u00edcio\",\"item\":\"https:\/\/pcimt.org\/\"},{\"@type\":\"ListItem\",\"position\":2,\"name\":\"Monitoramento\",\"item\":\"https:\/\/pcimt.org\/en\/monitoramento\/\"},{\"@type\":\"ListItem\",\"position\":3,\"name\":\"Rede de Intelig\u00eancia Territorial\"}]},{\"@type\":\"WebSite\",\"@id\":\"http:\/\/pcimt.org\/#website\",\"url\":\"http:\/\/pcimt.org\/\",\"name\":\"PCI\",\"description\":\"Produzir, Conservar e Incluir\",\"potentialAction\":[{\"@type\":\"SearchAction\",\"target\":{\"@type\":\"EntryPoint\",\"urlTemplate\":\"http:\/\/pcimt.org\/?s={search_term_string}\"},\"query-input\":{\"@type\":\"PropertyValueSpecification\",\"valueRequired\":true,\"valueName\":\"search_term_string\"}}],\"inLanguage\":\"en-US\"}]}<\/script>\n<!-- \/ Yoast SEO plugin. -->","yoast_head_json":{"title":"Rede de Intelig\u00eancia Territorial - PCI","robots":{"index":"index","follow":"follow","max-snippet":"max-snippet:-1","max-image-preview":"max-image-preview:large","max-video-preview":"max-video-preview:-1"},"canonical":"https:\/\/pcimt.org\/en\/monitoramento\/rede-de-inteligencia-territorial\/","og_locale":"en_US","og_type":"article","og_title":"Rede de Intelig\u00eancia Territorial - PCI","og_description":"Os objetivos da estrat\u00e9gia PCI em n\u00fameros para acompanhamento e avalia\u00e7\u00e3o dos avan\u00e7os em dire\u00e7\u00e3o \u00e0s metas estabelecidas Intelig\u00eancia PCI Rede de Intelig\u00eancia Territorial Uma das a\u00e7\u00f5es previstas no Plano de A\u00e7\u00e3o do Comit\u00ea de Monitoramento \u00e9 a forma\u00e7\u00e3o de uma Rede de Intelig\u00eancia Territorial, conectando ao Comit\u00ea institui\u00e7\u00f5es de pesquisa interessadas em apoiar o [&hellip;]","og_url":"https:\/\/pcimt.org\/en\/monitoramento\/rede-de-inteligencia-territorial\/","og_site_name":"PCI","article_modified_time":"2024-07-02T12:54:35+00:00","og_image":[{"url":"http:\/\/pcimt.org\/wp-content\/uploads\/2024\/06\/icon-pci.webp","type":"","width":"","height":""}],"twitter_card":"summary_large_image","twitter_misc":{"Est. reading time":"1 minute"},"schema":{"@context":"https:\/\/schema.org","@graph":[{"@type":"WebPage","@id":"https:\/\/pcimt.org\/monitoramento\/rede-de-inteligencia-territorial\/","url":"https:\/\/pcimt.org\/monitoramento\/rede-de-inteligencia-territorial\/","name":"Rede de Intelig\u00eancia Territorial - PCI","isPartOf":{"@id":"http:\/\/pcimt.org\/#website"},"primaryImageOfPage":{"@id":"https:\/\/pcimt.org\/monitoramento\/rede-de-inteligencia-territorial\/#primaryimage"},"image":{"@id":"https:\/\/pcimt.org\/monitoramento\/rede-de-inteligencia-territorial\/#primaryimage"},"thumbnailUrl":"http:\/\/pcimt.org\/wp-content\/uploads\/2024\/06\/icon-pci.webp","datePublished":"2024-06-12T14:11:33+00:00","dateModified":"2024-07-02T12:54:35+00:00","breadcrumb":{"@id":"https:\/\/pcimt.org\/monitoramento\/rede-de-inteligencia-territorial\/#breadcrumb"},"inLanguage":"en-US","potentialAction":[{"@type":"ReadAction","target":["https:\/\/pcimt.org\/monitoramento\/rede-de-inteligencia-territorial\/"]}]},{"@type":"ImageObject","inLanguage":"en-US","@id":"https:\/\/pcimt.org\/monitoramento\/rede-de-inteligencia-territorial\/#primaryimage","url":"http:\/\/pcimt.org\/wp-content\/uploads\/2024\/06\/icon-pci.webp","contentUrl":"http:\/\/pcimt.org\/wp-content\/uploads\/2024\/06\/icon-pci.webp"},{"@type":"BreadcrumbList","@id":"https:\/\/pcimt.org\/monitoramento\/rede-de-inteligencia-territorial\/#breadcrumb","itemListElement":[{"@type":"ListItem","position":1,"name":"In\u00edcio","item":"https:\/\/pcimt.org\/"},{"@type":"ListItem","position":2,"name":"Monitoramento","item":"https:\/\/pcimt.org\/en\/monitoramento\/"},{"@type":"ListItem","position":3,"name":"Rede de Intelig\u00eancia Territorial"}]},{"@type":"WebSite","@id":"http:\/\/pcimt.org\/#website","url":"http:\/\/pcimt.org\/","name":"The PCI","description":"Produce, Conserve and Include","potentialAction":[{"@type":"SearchAction","target":{"@type":"EntryPoint","urlTemplate":"http:\/\/pcimt.org\/?s={search_term_string}"},"query-input":{"@type":"PropertyValueSpecification","valueRequired":true,"valueName":"search_term_string"}}],"inLanguage":"en-US"}]}},"_links":{"self":[{"href":"https:\/\/pcimt.org\/en\/wp-json\/wp\/v2\/pages\/2519","targetHints":{"allow":["GET"]}}],"collection":[{"href":"https:\/\/pcimt.org\/en\/wp-json\/wp\/v2\/pages"}],"about":[{"href":"https:\/\/pcimt.org\/en\/wp-json\/wp\/v2\/types\/page"}],"author":[{"embeddable":true,"href":"https:\/\/pcimt.org\/en\/wp-json\/wp\/v2\/users\/1"}],"replies":[{"embeddable":true,"href":"https:\/\/pcimt.org\/en\/wp-json\/wp\/v2\/comments?post=2519"}],"version-history":[{"count":10,"href":"https:\/\/pcimt.org\/en\/wp-json\/wp\/v2\/pages\/2519\/revisions"}],"predecessor-version":[{"id":3418,"href":"https:\/\/pcimt.org\/en\/wp-json\/wp\/v2\/pages\/2519\/revisions\/3418"}],"up":[{"embeddable":true,"href":"https:\/\/pcimt.org\/en\/wp-json\/wp\/v2\/pages\/772"}],"wp:attachment":[{"href":"https:\/\/pcimt.org\/en\/wp-json\/wp\/v2\/media?parent=2519"}],"curies":[{"name":"wp","href":"https:\/\/api.w.org\/{rel}","templated":true}]}}