{"id":2517,"date":"2024-06-12T11:11:07","date_gmt":"2024-06-12T14:11:07","guid":{"rendered":"https:\/\/pcimt.org\/?page_id=2517"},"modified":"2024-07-02T09:52:57","modified_gmt":"2024-07-02T12:52:57","slug":"balanco-das-metas","status":"publish","type":"page","link":"https:\/\/pcimt.org\/en\/monitoramento\/balanco-das-metas\/","title":{"rendered":"Balance of Goals"},"content":{"rendered":"<div data-elementor-type=\"wp-page\" data-elementor-id=\"2517\" class=\"elementor elementor-2517\" data-elementor-post-type=\"page\">\n\t\t\t\t\t\t<section data-particle_enable=\"false\" data-particle-mobile-disabled=\"false\" class=\"elementor-section elementor-top-section elementor-element elementor-element-e21d8db elementor-section-boxed elementor-section-height-default elementor-section-height-default\" data-id=\"e21d8db\" data-element_type=\"section\" data-e-type=\"section\" data-settings=\"{&quot;background_background&quot;:&quot;classic&quot;,&quot;ekit_has_onepagescroll_dot&quot;:&quot;yes&quot;}\">\n\t\t\t\t\t\t\t<div class=\"elementor-background-overlay\"><\/div>\n\t\t\t\t\t\t\t<div class=\"elementor-container elementor-column-gap-default\">\n\t\t\t\t\t<div class=\"elementor-column elementor-col-100 elementor-top-column elementor-element elementor-element-af065b0\" data-id=\"af065b0\" data-element_type=\"column\" data-e-type=\"column\">\n\t\t\t<div class=\"elementor-widget-wrap elementor-element-populated\">\n\t\t\t\t\t\t<div class=\"elementor-element elementor-element-386960e elementor-widget elementor-widget-heading\" data-id=\"386960e\" data-element_type=\"widget\" data-e-type=\"widget\" data-settings=\"{&quot;ekit_we_effect_on&quot;:&quot;none&quot;}\" data-widget_type=\"heading.default\">\n\t\t\t\t<div class=\"elementor-widget-container\">\n\t\t\t\t\t<h1 class=\"elementor-heading-title elementor-size-default\">Balance of Goals<\/h1>\t\t\t\t<\/div>\n\t\t\t\t<\/div>\n\t\t\t\t<div class=\"elementor-element elementor-element-315f7d4 elementor-widget elementor-widget-heading\" data-id=\"315f7d4\" data-element_type=\"widget\" data-e-type=\"widget\" data-settings=\"{&quot;ekit_we_effect_on&quot;:&quot;none&quot;}\" data-widget_type=\"heading.default\">\n\t\t\t\t<div class=\"elementor-widget-container\">\n\t\t\t\t\t<div class=\"elementor-heading-title elementor-size-default\">The goals of the PCI strategy in numbers for monitoring and evaluating progress towards established targets\n<\/div>\t\t\t\t<\/div>\n\t\t\t\t<\/div>\n\t\t\t\t\t<\/div>\n\t\t<\/div>\n\t\t\t\t\t<\/div>\n\t\t<\/section>\n\t\t\t\t<section data-particle_enable=\"false\" data-particle-mobile-disabled=\"false\" class=\"elementor-section elementor-top-section elementor-element elementor-element-d57f095 elementor-section-boxed elementor-section-height-default elementor-section-height-default\" data-id=\"d57f095\" data-element_type=\"section\" data-e-type=\"section\" data-settings=\"{&quot;background_background&quot;:&quot;classic&quot;,&quot;ekit_has_onepagescroll_dot&quot;:&quot;yes&quot;}\">\n\t\t\t\t\t\t<div class=\"elementor-container elementor-column-gap-default\">\n\t\t\t\t\t<div class=\"elementor-column elementor-col-100 elementor-top-column elementor-element elementor-element-4e66bf1\" data-id=\"4e66bf1\" data-element_type=\"column\" data-e-type=\"column\">\n\t\t\t<div class=\"elementor-widget-wrap elementor-element-populated\">\n\t\t\t\t\t\t<div class=\"elementor-element elementor-element-fa1776c elementor-widget__width-auto elementor-widget elementor-widget-image\" data-id=\"fa1776c\" data-element_type=\"widget\" data-e-type=\"widget\" data-settings=\"{&quot;ekit_we_effect_on&quot;:&quot;none&quot;}\" data-widget_type=\"image.default\">\n\t\t\t\t<div class=\"elementor-widget-container\">\n\t\t\t\t\t\t\t\t\t\t\t\t\t\t\t<img decoding=\"async\" width=\"24\" height=\"24\" src=\"https:\/\/pcimt.org\/wp-content\/uploads\/2024\/06\/icon-pci.webp\" class=\"attachment-full size-full wp-image-1194\" alt=\"\" srcset=\"https:\/\/pcimt.org\/wp-content\/uploads\/2024\/06\/icon-pci.webp 24w, https:\/\/pcimt.org\/wp-content\/uploads\/2024\/06\/icon-pci-12x12.webp 12w\" sizes=\"(max-width: 24px) 100vw, 24px\" \/>\t\t\t\t\t\t\t\t\t\t\t\t\t\t\t<\/div>\n\t\t\t\t<\/div>\n\t\t\t\t<div class=\"elementor-element elementor-element-f5d3548 elementor-widget__width-auto elementor-widget elementor-widget-heading\" data-id=\"f5d3548\" data-element_type=\"widget\" data-e-type=\"widget\" data-settings=\"{&quot;ekit_we_effect_on&quot;:&quot;none&quot;}\" data-widget_type=\"heading.default\">\n\t\t\t\t<div class=\"elementor-widget-container\">\n\t\t\t\t\t<div class=\"elementor-heading-title elementor-size-default\">PCI Goals<\/div>\t\t\t\t<\/div>\n\t\t\t\t<\/div>\n\t\t\t\t<section data-particle_enable=\"false\" data-particle-mobile-disabled=\"false\" class=\"elementor-section elementor-inner-section elementor-element elementor-element-68dea2c elementor-section-boxed elementor-section-height-default elementor-section-height-default\" data-id=\"68dea2c\" data-element_type=\"section\" data-e-type=\"section\" data-settings=\"{&quot;ekit_has_onepagescroll_dot&quot;:&quot;yes&quot;}\">\n\t\t\t\t\t\t<div class=\"elementor-container elementor-column-gap-default\">\n\t\t\t\t\t<div class=\"elementor-column elementor-col-50 elementor-inner-column elementor-element elementor-element-ece758e\" data-id=\"ece758e\" data-element_type=\"column\" data-e-type=\"column\">\n\t\t\t<div class=\"elementor-widget-wrap elementor-element-populated\">\n\t\t\t\t\t\t<div class=\"elementor-element elementor-element-fe8776f elementor-widget elementor-widget-heading\" data-id=\"fe8776f\" data-element_type=\"widget\" data-e-type=\"widget\" data-settings=\"{&quot;ekit_we_effect_on&quot;:&quot;none&quot;}\" data-widget_type=\"heading.default\">\n\t\t\t\t<div class=\"elementor-widget-container\">\n\t\t\t\t\t<div class=\"elementor-heading-title elementor-size-default\">Balance of Goals\n<\/div>\t\t\t\t<\/div>\n\t\t\t\t<\/div>\n\t\t\t\t<div class=\"elementor-element elementor-element-b460614 elementor-widget elementor-widget-text-editor\" data-id=\"b460614\" data-element_type=\"widget\" data-e-type=\"widget\" data-settings=\"{&quot;ekit_we_effect_on&quot;:&quot;none&quot;}\" data-widget_type=\"text-editor.default\">\n\t\t\t\t<div class=\"elementor-widget-container\">\n\t\t\t\t\t\t\t\t\tThe monitoring of PCI goals aims to track the progress of actions towards implementing PCI goals by 2030 in the state of Mato Grosso, supporting the improvement or redirection of actions, and ensuring the credibility and transparency of the strategy.\n\t\t\t\t\t\t\t\t<\/div>\n\t\t\t\t<\/div>\n\t\t\t\t\t<\/div>\n\t\t<\/div>\n\t\t\t\t<div class=\"elementor-column elementor-col-50 elementor-inner-column elementor-element elementor-element-4ca6f8f\" data-id=\"4ca6f8f\" data-element_type=\"column\" data-e-type=\"column\">\n\t\t\t<div class=\"elementor-widget-wrap elementor-element-populated\">\n\t\t\t\t\t\t<div class=\"elementor-element elementor-element-84f89a9 elementor-widget elementor-widget-image\" data-id=\"84f89a9\" data-element_type=\"widget\" data-e-type=\"widget\" data-settings=\"{&quot;ekit_we_effect_on&quot;:&quot;none&quot;}\" data-widget_type=\"image.default\">\n\t\t\t\t<div class=\"elementor-widget-container\">\n\t\t\t\t\t\t\t\t\t\t\t\t\t\t\t<img fetchpriority=\"high\" decoding=\"async\" width=\"600\" height=\"350\" src=\"https:\/\/pcimt.org\/wp-content\/uploads\/2024\/06\/desmatamento.webp\" class=\"attachment-full size-full wp-image-2867\" alt=\"\" srcset=\"https:\/\/pcimt.org\/wp-content\/uploads\/2024\/06\/desmatamento.webp 600w, https:\/\/pcimt.org\/wp-content\/uploads\/2024\/06\/desmatamento-300x175.webp 300w, https:\/\/pcimt.org\/wp-content\/uploads\/2024\/06\/desmatamento-18x12.webp 18w\" sizes=\"(max-width: 600px) 100vw, 600px\" \/>\t\t\t\t\t\t\t\t\t\t\t\t\t\t\t<\/div>\n\t\t\t\t<\/div>\n\t\t\t\t<div class=\"elementor-element elementor-element-7644897 elementor-widget elementor-widget-image\" data-id=\"7644897\" data-element_type=\"widget\" data-e-type=\"widget\" data-settings=\"{&quot;ekit_we_effect_on&quot;:&quot;none&quot;}\" data-widget_type=\"image.default\">\n\t\t\t\t<div class=\"elementor-widget-container\">\n\t\t\t\t\t\t\t\t\t\t\t\t\t\t\t<img decoding=\"async\" width=\"1280\" height=\"864\" src=\"https:\/\/pcimt.org\/wp-content\/uploads\/2024\/06\/desmatamento-01.webp\" class=\"attachment-full size-full wp-image-2868\" alt=\"\" srcset=\"https:\/\/pcimt.org\/wp-content\/uploads\/2024\/06\/desmatamento-01.webp 1280w, https:\/\/pcimt.org\/wp-content\/uploads\/2024\/06\/desmatamento-01-300x203.webp 300w, https:\/\/pcimt.org\/wp-content\/uploads\/2024\/06\/desmatamento-01-1024x691.webp 1024w, https:\/\/pcimt.org\/wp-content\/uploads\/2024\/06\/desmatamento-01-768x518.webp 768w, https:\/\/pcimt.org\/wp-content\/uploads\/2024\/06\/desmatamento-01-18x12.webp 18w\" sizes=\"(max-width: 1280px) 100vw, 1280px\" \/>\t\t\t\t\t\t\t\t\t\t\t\t\t\t\t<\/div>\n\t\t\t\t<\/div>\n\t\t\t\t\t<\/div>\n\t\t<\/div>\n\t\t\t\t\t<\/div>\n\t\t<\/section>\n\t\t\t\t\t<\/div>\n\t\t<\/div>\n\t\t\t\t\t<\/div>\n\t\t<\/section>\n\t\t\t\t<section data-particle_enable=\"false\" data-particle-mobile-disabled=\"false\" class=\"elementor-section elementor-top-section elementor-element elementor-element-052d350 elementor-section-boxed elementor-section-height-default elementor-section-height-default\" data-id=\"052d350\" data-element_type=\"section\" data-e-type=\"section\" data-settings=\"{&quot;ekit_has_onepagescroll_dot&quot;:&quot;yes&quot;}\">\n\t\t\t\t\t\t<div class=\"elementor-container elementor-column-gap-default\">\n\t\t\t\t\t<div class=\"elementor-column elementor-col-100 elementor-top-column elementor-element elementor-element-166b200\" data-id=\"166b200\" data-element_type=\"column\" data-e-type=\"column\">\n\t\t\t<div class=\"elementor-widget-wrap elementor-element-populated\">\n\t\t\t\t\t\t<div class=\"elementor-element elementor-element-3bfe185 elementor-widget__width-auto elementor-widget elementor-widget-image\" data-id=\"3bfe185\" data-element_type=\"widget\" data-e-type=\"widget\" data-settings=\"{&quot;ekit_we_effect_on&quot;:&quot;none&quot;}\" data-widget_type=\"image.default\">\n\t\t\t\t<div class=\"elementor-widget-container\">\n\t\t\t\t\t\t\t\t\t\t\t\t\t\t\t<img decoding=\"async\" width=\"24\" height=\"24\" src=\"https:\/\/pcimt.org\/wp-content\/uploads\/2024\/06\/icon-pci.webp\" class=\"attachment-full size-full wp-image-1194\" alt=\"\" srcset=\"https:\/\/pcimt.org\/wp-content\/uploads\/2024\/06\/icon-pci.webp 24w, https:\/\/pcimt.org\/wp-content\/uploads\/2024\/06\/icon-pci-12x12.webp 12w\" sizes=\"(max-width: 24px) 100vw, 24px\" \/>\t\t\t\t\t\t\t\t\t\t\t\t\t\t\t<\/div>\n\t\t\t\t<\/div>\n\t\t\t\t<div class=\"elementor-element elementor-element-e26a099 elementor-widget__width-auto elementor-widget elementor-widget-heading\" data-id=\"e26a099\" data-element_type=\"widget\" data-e-type=\"widget\" data-settings=\"{&quot;ekit_we_effect_on&quot;:&quot;none&quot;}\" data-widget_type=\"heading.default\">\n\t\t\t\t<div class=\"elementor-widget-container\">\n\t\t\t\t\t<div class=\"elementor-heading-title elementor-size-default\">Committee<\/div>\t\t\t\t<\/div>\n\t\t\t\t<\/div>\n\t\t\t\t<section data-particle_enable=\"false\" data-particle-mobile-disabled=\"false\" class=\"elementor-section elementor-inner-section elementor-element elementor-element-a26410f elementor-section-boxed elementor-section-height-default elementor-section-height-default\" data-id=\"a26410f\" data-element_type=\"section\" data-e-type=\"section\" data-settings=\"{&quot;ekit_has_onepagescroll_dot&quot;:&quot;yes&quot;}\">\n\t\t\t\t\t\t<div class=\"elementor-container elementor-column-gap-default\">\n\t\t\t\t\t<div class=\"elementor-column elementor-col-100 elementor-inner-column elementor-element elementor-element-7dbce07\" data-id=\"7dbce07\" data-element_type=\"column\" data-e-type=\"column\">\n\t\t\t<div class=\"elementor-widget-wrap elementor-element-populated\">\n\t\t\t\t\t\t<div class=\"elementor-element elementor-element-e89be86 elementor-widget elementor-widget-heading\" data-id=\"e89be86\" data-element_type=\"widget\" data-e-type=\"widget\" data-settings=\"{&quot;ekit_we_effect_on&quot;:&quot;none&quot;}\" data-widget_type=\"heading.default\">\n\t\t\t\t<div class=\"elementor-widget-container\">\n\t\t\t\t\t<div class=\"elementor-heading-title elementor-size-default\">Objectives of the PCI goals monitoring:\n<\/div>\t\t\t\t<\/div>\n\t\t\t\t<\/div>\n\t\t\t\t<div class=\"elementor-element elementor-element-d78cbe8 elementor-widget elementor-widget-text-editor\" data-id=\"d78cbe8\" data-element_type=\"widget\" data-e-type=\"widget\" data-settings=\"{&quot;ekit_we_effect_on&quot;:&quot;none&quot;}\" data-widget_type=\"text-editor.default\">\n\t\t\t\t<div class=\"elementor-widget-container\">\n\t\t\t\t\t\t\t\t\t<ol><li>Define indicators with data sources and calculation methodology;<\/li><li>Collect and analyze data for calculating the indicators, in collaboration with other non-member institutions of the PCI;<\/li><li>Disseminate monitoring results through documents and a monitoring platform, including the annual publication of the Goals Balance;<\/li><li>Analyze the contribution of projects and programs from public and private initiatives;<\/li><li>Collaborate with the Board of Directors and the General Directorate in assessing the implementation status of the PCI Strategy and priority actions.<\/li><\/ol>\t\t\t\t\t\t\t\t<\/div>\n\t\t\t\t<\/div>\n\t\t\t\t\t<\/div>\n\t\t<\/div>\n\t\t\t\t\t<\/div>\n\t\t<\/section>\n\t\t\t\t\t<\/div>\n\t\t<\/div>\n\t\t\t\t\t<\/div>\n\t\t<\/section>\n\t\t\t\t<\/div>","protected":false},"excerpt":{"rendered":"<p>Os objetivos da estrat\u00e9gia PCI em n\u00fameros para acompanhamento e avalia\u00e7\u00e3o dos avan\u00e7os em dire\u00e7\u00e3o \u00e0s metas estabelecidas Metas PCI Balan\u00e7o das Metas O monitoramento das metas PCI almeja acompanhar os avan\u00e7os das a\u00e7\u00f5es rumo a implementa\u00e7\u00e3o das metas da PCI at\u00e9 2030 no estado de Mato Grosso, subsidiando o aperfei\u00e7oamento ou redirecionamento de a\u00e7\u00f5es [&hellip;]<\/p>\n","protected":false},"author":1,"featured_media":0,"parent":772,"menu_order":0,"comment_status":"closed","ping_status":"closed","template":"elementor_header_footer","meta":{"ocean_post_layout":"","ocean_both_sidebars_style":"","ocean_both_sidebars_content_width":0,"ocean_both_sidebars_sidebars_width":0,"ocean_sidebar":"","ocean_second_sidebar":"","ocean_disable_margins":"enable","ocean_add_body_class":"","ocean_shortcode_before_top_bar":"","ocean_shortcode_after_top_bar":"","ocean_shortcode_before_header":"","ocean_shortcode_after_header":"","ocean_has_shortcode":"","ocean_shortcode_after_title":"","ocean_shortcode_before_footer_widgets":"","ocean_shortcode_after_footer_widgets":"","ocean_shortcode_before_footer_bottom":"","ocean_shortcode_after_footer_bottom":"","ocean_display_top_bar":"default","ocean_display_header":"default","ocean_header_style":"","ocean_center_header_left_menu":"","ocean_custom_header_template":"","ocean_custom_logo":0,"ocean_custom_retina_logo":0,"ocean_custom_logo_max_width":0,"ocean_custom_logo_tablet_max_width":0,"ocean_custom_logo_mobile_max_width":0,"ocean_custom_logo_max_height":0,"ocean_custom_logo_tablet_max_height":0,"ocean_custom_logo_mobile_max_height":0,"ocean_header_custom_menu":"","ocean_menu_typo_font_family":"","ocean_menu_typo_font_subset":"","ocean_menu_typo_font_size":0,"ocean_menu_typo_font_size_tablet":0,"ocean_menu_typo_font_size_mobile":0,"ocean_menu_typo_font_size_unit":"px","ocean_menu_typo_font_weight":"","ocean_menu_typo_font_weight_tablet":"","ocean_menu_typo_font_weight_mobile":"","ocean_menu_typo_transform":"","ocean_menu_typo_transform_tablet":"","ocean_menu_typo_transform_mobile":"","ocean_menu_typo_line_height":0,"ocean_menu_typo_line_height_tablet":0,"ocean_menu_typo_line_height_mobile":0,"ocean_menu_typo_line_height_unit":"","ocean_menu_typo_spacing":0,"ocean_menu_typo_spacing_tablet":0,"ocean_menu_typo_spacing_mobile":0,"ocean_menu_typo_spacing_unit":"","ocean_menu_link_color":"","ocean_menu_link_color_hover":"","ocean_menu_link_color_active":"","ocean_menu_link_background":"","ocean_menu_link_hover_background":"","ocean_menu_link_active_background":"","ocean_menu_social_links_bg":"","ocean_menu_social_hover_links_bg":"","ocean_menu_social_links_color":"","ocean_menu_social_hover_links_color":"","ocean_disable_title":"on","ocean_disable_heading":"default","ocean_post_title":"","ocean_post_subheading":"","ocean_post_title_style":"","ocean_post_title_background_color":"","ocean_post_title_background":0,"ocean_post_title_bg_image_position":"","ocean_post_title_bg_image_attachment":"","ocean_post_title_bg_image_repeat":"","ocean_post_title_bg_image_size":"","ocean_post_title_height":0,"ocean_post_title_bg_overlay":0.5,"ocean_post_title_bg_overlay_color":"","ocean_disable_breadcrumbs":"default","ocean_breadcrumbs_color":"","ocean_breadcrumbs_separator_color":"","ocean_breadcrumbs_links_color":"","ocean_breadcrumbs_links_hover_color":"","ocean_display_footer_widgets":"default","ocean_display_footer_bottom":"default","ocean_custom_footer_template":"","footnotes":""},"class_list":["post-2517","page","type-page","status-publish","hentry","entry"],"yoast_head":"<!-- This site is optimized with the Yoast SEO plugin v27.1.1 - https:\/\/yoast.com\/product\/yoast-seo-wordpress\/ -->\n<title>Balan\u00e7o das Metas - PCI<\/title>\n<meta name=\"robots\" content=\"index, follow, max-snippet:-1, max-image-preview:large, max-video-preview:-1\" \/>\n<link rel=\"canonical\" href=\"https:\/\/pcimt.org\/en\/monitoramento\/balanco-das-metas\/\" \/>\n<meta property=\"og:locale\" content=\"en_US\" \/>\n<meta property=\"og:type\" content=\"article\" \/>\n<meta property=\"og:title\" content=\"Balan\u00e7o das Metas - PCI\" \/>\n<meta property=\"og:description\" content=\"Os objetivos da estrat\u00e9gia PCI em n\u00fameros para acompanhamento e avalia\u00e7\u00e3o dos avan\u00e7os em dire\u00e7\u00e3o \u00e0s metas estabelecidas Metas PCI Balan\u00e7o das Metas O monitoramento das metas PCI almeja acompanhar os avan\u00e7os das a\u00e7\u00f5es rumo a implementa\u00e7\u00e3o das metas da PCI at\u00e9 2030 no estado de Mato Grosso, subsidiando o aperfei\u00e7oamento ou redirecionamento de a\u00e7\u00f5es [&hellip;]\" \/>\n<meta property=\"og:url\" content=\"https:\/\/pcimt.org\/en\/monitoramento\/balanco-das-metas\/\" \/>\n<meta property=\"og:site_name\" content=\"PCI\" \/>\n<meta property=\"article:modified_time\" content=\"2024-07-02T12:52:57+00:00\" \/>\n<meta property=\"og:image\" content=\"http:\/\/pcimt.org\/wp-content\/uploads\/2024\/06\/icon-pci.webp\" \/>\n<meta name=\"twitter:card\" content=\"summary_large_image\" \/>\n<meta name=\"twitter:label1\" content=\"Est. reading time\" \/>\n\t<meta name=\"twitter:data1\" content=\"2 minutes\" \/>\n<script type=\"application\/ld+json\" class=\"yoast-schema-graph\">{\"@context\":\"https:\/\/schema.org\",\"@graph\":[{\"@type\":\"WebPage\",\"@id\":\"https:\/\/pcimt.org\/en\/monitoramento\/balanco-das-metas\/\",\"url\":\"https:\/\/pcimt.org\/en\/monitoramento\/balanco-das-metas\/\",\"name\":\"Balan\u00e7o das Metas - PCI\",\"isPartOf\":{\"@id\":\"http:\/\/pcimt.org\/#website\"},\"primaryImageOfPage\":{\"@id\":\"https:\/\/pcimt.org\/en\/monitoramento\/balanco-das-metas\/#primaryimage\"},\"image\":{\"@id\":\"https:\/\/pcimt.org\/en\/monitoramento\/balanco-das-metas\/#primaryimage\"},\"thumbnailUrl\":\"http:\/\/pcimt.org\/wp-content\/uploads\/2024\/06\/icon-pci.webp\",\"datePublished\":\"2024-06-12T14:11:07+00:00\",\"dateModified\":\"2024-07-02T12:52:57+00:00\",\"breadcrumb\":{\"@id\":\"https:\/\/pcimt.org\/en\/monitoramento\/balanco-das-metas\/#breadcrumb\"},\"inLanguage\":\"en-US\",\"potentialAction\":[{\"@type\":\"ReadAction\",\"target\":[\"https:\/\/pcimt.org\/en\/monitoramento\/balanco-das-metas\/\"]}]},{\"@type\":\"ImageObject\",\"inLanguage\":\"en-US\",\"@id\":\"https:\/\/pcimt.org\/en\/monitoramento\/balanco-das-metas\/#primaryimage\",\"url\":\"http:\/\/pcimt.org\/wp-content\/uploads\/2024\/06\/icon-pci.webp\",\"contentUrl\":\"http:\/\/pcimt.org\/wp-content\/uploads\/2024\/06\/icon-pci.webp\"},{\"@type\":\"BreadcrumbList\",\"@id\":\"https:\/\/pcimt.org\/en\/monitoramento\/balanco-das-metas\/#breadcrumb\",\"itemListElement\":[{\"@type\":\"ListItem\",\"position\":1,\"name\":\"In\u00edcio\",\"item\":\"https:\/\/pcimt.org\/\"},{\"@type\":\"ListItem\",\"position\":2,\"name\":\"Monitoramento\",\"item\":\"https:\/\/pcimt.org\/en\/monitoramento\/\"},{\"@type\":\"ListItem\",\"position\":3,\"name\":\"Balan\u00e7o das Metas\"}]},{\"@type\":\"WebSite\",\"@id\":\"http:\/\/pcimt.org\/#website\",\"url\":\"http:\/\/pcimt.org\/\",\"name\":\"PCI\",\"description\":\"Produzir, Conservar e Incluir\",\"potentialAction\":[{\"@type\":\"SearchAction\",\"target\":{\"@type\":\"EntryPoint\",\"urlTemplate\":\"http:\/\/pcimt.org\/?s={search_term_string}\"},\"query-input\":{\"@type\":\"PropertyValueSpecification\",\"valueRequired\":true,\"valueName\":\"search_term_string\"}}],\"inLanguage\":\"en-US\"}]}<\/script>\n<!-- \/ Yoast SEO plugin. -->","yoast_head_json":{"title":"Balan\u00e7o das Metas - PCI","robots":{"index":"index","follow":"follow","max-snippet":"max-snippet:-1","max-image-preview":"max-image-preview:large","max-video-preview":"max-video-preview:-1"},"canonical":"https:\/\/pcimt.org\/en\/monitoramento\/balanco-das-metas\/","og_locale":"en_US","og_type":"article","og_title":"Balan\u00e7o das Metas - PCI","og_description":"Os objetivos da estrat\u00e9gia PCI em n\u00fameros para acompanhamento e avalia\u00e7\u00e3o dos avan\u00e7os em dire\u00e7\u00e3o \u00e0s metas estabelecidas Metas PCI Balan\u00e7o das Metas O monitoramento das metas PCI almeja acompanhar os avan\u00e7os das a\u00e7\u00f5es rumo a implementa\u00e7\u00e3o das metas da PCI at\u00e9 2030 no estado de Mato Grosso, subsidiando o aperfei\u00e7oamento ou redirecionamento de a\u00e7\u00f5es [&hellip;]","og_url":"https:\/\/pcimt.org\/en\/monitoramento\/balanco-das-metas\/","og_site_name":"PCI","article_modified_time":"2024-07-02T12:52:57+00:00","og_image":[{"url":"http:\/\/pcimt.org\/wp-content\/uploads\/2024\/06\/icon-pci.webp","type":"","width":"","height":""}],"twitter_card":"summary_large_image","twitter_misc":{"Est. reading time":"2 minutes"},"schema":{"@context":"https:\/\/schema.org","@graph":[{"@type":"WebPage","@id":"https:\/\/pcimt.org\/en\/monitoramento\/balanco-das-metas\/","url":"https:\/\/pcimt.org\/en\/monitoramento\/balanco-das-metas\/","name":"Balan\u00e7o das Metas - PCI","isPartOf":{"@id":"http:\/\/pcimt.org\/#website"},"primaryImageOfPage":{"@id":"https:\/\/pcimt.org\/en\/monitoramento\/balanco-das-metas\/#primaryimage"},"image":{"@id":"https:\/\/pcimt.org\/en\/monitoramento\/balanco-das-metas\/#primaryimage"},"thumbnailUrl":"http:\/\/pcimt.org\/wp-content\/uploads\/2024\/06\/icon-pci.webp","datePublished":"2024-06-12T14:11:07+00:00","dateModified":"2024-07-02T12:52:57+00:00","breadcrumb":{"@id":"https:\/\/pcimt.org\/en\/monitoramento\/balanco-das-metas\/#breadcrumb"},"inLanguage":"en-US","potentialAction":[{"@type":"ReadAction","target":["https:\/\/pcimt.org\/en\/monitoramento\/balanco-das-metas\/"]}]},{"@type":"ImageObject","inLanguage":"en-US","@id":"https:\/\/pcimt.org\/en\/monitoramento\/balanco-das-metas\/#primaryimage","url":"http:\/\/pcimt.org\/wp-content\/uploads\/2024\/06\/icon-pci.webp","contentUrl":"http:\/\/pcimt.org\/wp-content\/uploads\/2024\/06\/icon-pci.webp"},{"@type":"BreadcrumbList","@id":"https:\/\/pcimt.org\/en\/monitoramento\/balanco-das-metas\/#breadcrumb","itemListElement":[{"@type":"ListItem","position":1,"name":"In\u00edcio","item":"https:\/\/pcimt.org\/"},{"@type":"ListItem","position":2,"name":"Monitoramento","item":"https:\/\/pcimt.org\/en\/monitoramento\/"},{"@type":"ListItem","position":3,"name":"Balan\u00e7o das Metas"}]},{"@type":"WebSite","@id":"http:\/\/pcimt.org\/#website","url":"http:\/\/pcimt.org\/","name":"The PCI","description":"Produce, Conserve and Include","potentialAction":[{"@type":"SearchAction","target":{"@type":"EntryPoint","urlTemplate":"http:\/\/pcimt.org\/?s={search_term_string}"},"query-input":{"@type":"PropertyValueSpecification","valueRequired":true,"valueName":"search_term_string"}}],"inLanguage":"en-US"}]}},"_links":{"self":[{"href":"https:\/\/pcimt.org\/en\/wp-json\/wp\/v2\/pages\/2517","targetHints":{"allow":["GET"]}}],"collection":[{"href":"https:\/\/pcimt.org\/en\/wp-json\/wp\/v2\/pages"}],"about":[{"href":"https:\/\/pcimt.org\/en\/wp-json\/wp\/v2\/types\/page"}],"author":[{"embeddable":true,"href":"https:\/\/pcimt.org\/en\/wp-json\/wp\/v2\/users\/1"}],"replies":[{"embeddable":true,"href":"https:\/\/pcimt.org\/en\/wp-json\/wp\/v2\/comments?post=2517"}],"version-history":[{"count":10,"href":"https:\/\/pcimt.org\/en\/wp-json\/wp\/v2\/pages\/2517\/revisions"}],"predecessor-version":[{"id":3409,"href":"https:\/\/pcimt.org\/en\/wp-json\/wp\/v2\/pages\/2517\/revisions\/3409"}],"up":[{"embeddable":true,"href":"https:\/\/pcimt.org\/en\/wp-json\/wp\/v2\/pages\/772"}],"wp:attachment":[{"href":"https:\/\/pcimt.org\/en\/wp-json\/wp\/v2\/media?parent=2517"}],"curies":[{"name":"wp","href":"https:\/\/api.w.org\/{rel}","templated":true}]}}