{"id":2315,"date":"2024-06-09T18:06:06","date_gmt":"2024-06-09T21:06:06","guid":{"rendered":"https:\/\/pcimt.org\/?page_id=2315"},"modified":"2025-02-20T10:46:47","modified_gmt":"2025-02-20T13:46:47","slug":"como-se-associar","status":"publish","type":"page","link":"https:\/\/pcimt.org\/en\/como-se-associar\/","title":{"rendered":"Become a member"},"content":{"rendered":"<div data-elementor-type=\"wp-page\" data-elementor-id=\"2315\" class=\"elementor elementor-2315\" data-elementor-post-type=\"page\">\n\t\t\t\t\t\t<section data-particle_enable=\"false\" data-particle-mobile-disabled=\"false\" class=\"elementor-section elementor-top-section elementor-element elementor-element-535f438 elementor-section-boxed elementor-section-height-default elementor-section-height-default\" data-id=\"535f438\" data-element_type=\"section\" data-e-type=\"section\" data-settings=\"{&quot;background_background&quot;:&quot;classic&quot;,&quot;ekit_has_onepagescroll_dot&quot;:&quot;yes&quot;}\">\n\t\t\t\t\t\t\t<div class=\"elementor-background-overlay\"><\/div>\n\t\t\t\t\t\t\t<div class=\"elementor-container elementor-column-gap-default\">\n\t\t\t\t\t<div class=\"elementor-column elementor-col-100 elementor-top-column elementor-element elementor-element-12819c8\" data-id=\"12819c8\" data-element_type=\"column\" data-e-type=\"column\">\n\t\t\t<div class=\"elementor-widget-wrap elementor-element-populated\">\n\t\t\t\t\t\t<div class=\"elementor-element elementor-element-99adf12 elementor-widget elementor-widget-heading\" data-id=\"99adf12\" data-element_type=\"widget\" data-e-type=\"widget\" data-settings=\"{&quot;ekit_we_effect_on&quot;:&quot;none&quot;}\" data-widget_type=\"heading.default\">\n\t\t\t\t<div class=\"elementor-widget-container\">\n\t\t\t\t\t<h1 class=\"elementor-heading-title elementor-size-default\">Become a member<\/h1>\t\t\t\t<\/div>\n\t\t\t\t<\/div>\n\t\t\t\t<div class=\"elementor-element elementor-element-a5b2565 elementor-widget elementor-widget-heading\" data-id=\"a5b2565\" data-element_type=\"widget\" data-e-type=\"widget\" data-settings=\"{&quot;ekit_we_effect_on&quot;:&quot;none&quot;}\" data-widget_type=\"heading.default\">\n\t\t\t\t<div class=\"elementor-widget-container\">\n\t\t\t\t\t<div class=\"elementor-heading-title elementor-size-default\">With adequate support and investments, PCI's strategy can achieve 6 GtCO2 of emissions reductions and removals by 2030. <\/div>\t\t\t\t<\/div>\n\t\t\t\t<\/div>\n\t\t\t\t\t<\/div>\n\t\t<\/div>\n\t\t\t\t\t<\/div>\n\t\t<\/section>\n\t\t\t\t<section data-particle_enable=\"false\" data-particle-mobile-disabled=\"false\" class=\"elementor-section elementor-top-section elementor-element elementor-element-732c47f elementor-section-boxed elementor-section-height-default elementor-section-height-default\" data-id=\"732c47f\" data-element_type=\"section\" data-e-type=\"section\" data-settings=\"{&quot;background_background&quot;:&quot;classic&quot;,&quot;ekit_has_onepagescroll_dot&quot;:&quot;yes&quot;}\">\n\t\t\t\t\t\t<div class=\"elementor-container elementor-column-gap-default\">\n\t\t\t\t\t<div class=\"elementor-column elementor-col-100 elementor-top-column elementor-element elementor-element-08e9957\" data-id=\"08e9957\" data-element_type=\"column\" data-e-type=\"column\">\n\t\t\t<div class=\"elementor-widget-wrap elementor-element-populated\">\n\t\t\t\t\t\t<div class=\"elementor-element elementor-element-915851c elementor-widget__width-auto elementor-widget elementor-widget-image\" data-id=\"915851c\" data-element_type=\"widget\" data-e-type=\"widget\" data-settings=\"{&quot;ekit_we_effect_on&quot;:&quot;none&quot;}\" data-widget_type=\"image.default\">\n\t\t\t\t<div class=\"elementor-widget-container\">\n\t\t\t\t\t\t\t\t\t\t\t\t\t\t\t<img decoding=\"async\" width=\"24\" height=\"24\" src=\"https:\/\/pcimt.org\/wp-content\/uploads\/2024\/06\/icon-pci.webp\" class=\"attachment-full size-full wp-image-1194\" alt=\"\" srcset=\"https:\/\/pcimt.org\/wp-content\/uploads\/2024\/06\/icon-pci.webp 24w, https:\/\/pcimt.org\/wp-content\/uploads\/2024\/06\/icon-pci-12x12.webp 12w\" sizes=\"(max-width: 24px) 100vw, 24px\" \/>\t\t\t\t\t\t\t\t\t\t\t\t\t\t\t<\/div>\n\t\t\t\t<\/div>\n\t\t\t\t<div class=\"elementor-element elementor-element-d9f57e6 elementor-widget__width-auto elementor-widget elementor-widget-heading\" data-id=\"d9f57e6\" data-element_type=\"widget\" data-e-type=\"widget\" data-settings=\"{&quot;ekit_we_effect_on&quot;:&quot;none&quot;}\" data-widget_type=\"heading.default\">\n\t\t\t\t<div class=\"elementor-widget-container\">\n\t\t\t\t\t<div class=\"elementor-heading-title elementor-size-default\">Join us<\/div>\t\t\t\t<\/div>\n\t\t\t\t<\/div>\n\t\t\t\t<section data-particle_enable=\"false\" data-particle-mobile-disabled=\"false\" class=\"elementor-section elementor-inner-section elementor-element elementor-element-ebf3f34 elementor-section-boxed elementor-section-height-default elementor-section-height-default\" data-id=\"ebf3f34\" data-element_type=\"section\" data-e-type=\"section\" data-settings=\"{&quot;ekit_has_onepagescroll_dot&quot;:&quot;yes&quot;}\">\n\t\t\t\t\t\t<div class=\"elementor-container elementor-column-gap-default\">\n\t\t\t\t\t<div class=\"elementor-column elementor-col-50 elementor-inner-column elementor-element elementor-element-312ebe5\" data-id=\"312ebe5\" data-element_type=\"column\" data-e-type=\"column\">\n\t\t\t<div class=\"elementor-widget-wrap elementor-element-populated\">\n\t\t\t\t\t\t<div class=\"elementor-element elementor-element-bf38248 elementor-widget elementor-widget-heading\" data-id=\"bf38248\" data-element_type=\"widget\" data-e-type=\"widget\" data-settings=\"{&quot;ekit_we_effect_on&quot;:&quot;none&quot;}\" data-widget_type=\"heading.default\">\n\t\t\t\t<div class=\"elementor-widget-container\">\n\t\t\t\t\t<div class=\"elementor-heading-title elementor-size-default\">Become a member<\/div>\t\t\t\t<\/div>\n\t\t\t\t<\/div>\n\t\t\t\t<div class=\"elementor-element elementor-element-3118bff elementor-widget elementor-widget-text-editor\" data-id=\"3118bff\" data-element_type=\"widget\" data-e-type=\"widget\" data-settings=\"{&quot;ekit_we_effect_on&quot;:&quot;none&quot;}\" data-widget_type=\"text-editor.default\">\n\t\t\t\t<div class=\"elementor-widget-container\">\n\t\t\t\t\t\t\t\t\t<p>Any institution operating in Mato Grosso in activities directly related to the implementation of PCI goals can apply for association with PCI Institute.<br \/>The Institute's bylaws stipulate that its Board of Directors, currently composed of its founding members and representatives from the State Government, approves the admission of new Associates.<\/p><p>Your organization can request entry into the Institute by submitting a Letter of Intent for Membership to its Executive Director.<br \/>A model of this Letter of Intent for Membership can be found on the public documents link of this page.<\/p><p>We invite you to continue being part of this innovative model in the world.<\/p>\t\t\t\t\t\t\t\t<\/div>\n\t\t\t\t<\/div>\n\t\t\t\t<div class=\"elementor-element elementor-element-9ef3c73 elementor-widget elementor-widget-button\" data-id=\"9ef3c73\" data-element_type=\"widget\" data-e-type=\"widget\" data-settings=\"{&quot;ekit_we_effect_on&quot;:&quot;none&quot;}\" data-widget_type=\"button.default\">\n\t\t\t\t<div class=\"elementor-widget-container\">\n\t\t\t\t\t\t\t\t\t<div class=\"elementor-button-wrapper\">\n\t\t\t\t\t<a class=\"elementor-button elementor-button-link elementor-size-sm\" href=\"https:\/\/pcimt.org\/wp-content\/uploads\/2025\/02\/ModeloTermodeAdesoInstitutoPCIMT.docx\" target=\"_blank\">\n\t\t\t\t\t\t<span class=\"elementor-button-content-wrapper\">\n\t\t\t\t\t\t<span class=\"elementor-button-icon\">\n\t\t\t\t<i aria-hidden=\"true\" class=\"far fa-file-word\"><\/i>\t\t\t<\/span>\n\t\t\t\t\t\t\t\t\t<span class=\"elementor-button-text\">Access Membership Agreement (docx)<\/span>\n\t\t\t\t\t<\/span>\n\t\t\t\t\t<\/a>\n\t\t\t\t<\/div>\n\t\t\t\t\t\t\t\t<\/div>\n\t\t\t\t<\/div>\n\t\t\t\t\t<\/div>\n\t\t<\/div>\n\t\t\t\t<div class=\"elementor-column elementor-col-50 elementor-inner-column elementor-element elementor-element-17b67e4\" data-id=\"17b67e4\" data-element_type=\"column\" data-e-type=\"column\" data-settings=\"{&quot;background_background&quot;:&quot;classic&quot;}\">\n\t\t\t<div class=\"elementor-widget-wrap elementor-element-populated\">\n\t\t\t\t\t\t<div class=\"elementor-element elementor-element-3510d0e elementor-widget elementor-widget-spacer\" data-id=\"3510d0e\" data-element_type=\"widget\" data-e-type=\"widget\" data-settings=\"{&quot;ekit_we_effect_on&quot;:&quot;none&quot;}\" data-widget_type=\"spacer.default\">\n\t\t\t\t<div class=\"elementor-widget-container\">\n\t\t\t\t\t\t\t<div class=\"elementor-spacer\">\n\t\t\t<div class=\"elementor-spacer-inner\"><\/div>\n\t\t<\/div>\n\t\t\t\t\t\t<\/div>\n\t\t\t\t<\/div>\n\t\t\t\t\t<\/div>\n\t\t<\/div>\n\t\t\t\t\t<\/div>\n\t\t<\/section>\n\t\t\t\t\t<\/div>\n\t\t<\/div>\n\t\t\t\t\t<\/div>\n\t\t<\/section>\n\t\t\t\t<\/div>","protected":false},"excerpt":{"rendered":"<p>Com o apoio e investimentos adequados, a estrat\u00e9gia PCI pode produzir 6 Gt\/CO2 de redu\u00e7\u00f5es de emiss\u00f5es e remo\u00e7\u00f5es at\u00e9 2030 Associe-se Como se associar Qualquer institui\u00e7\u00e3o atuando em Mato Grosso em atividades relacionadas diretamente \u00e0 implementa\u00e7\u00e3o das metas da PCI pode solicitar Associa\u00e7\u00e3o ao Instituto PCI.O Estatuto do Instituto prev\u00ea que seu Conselho de [&hellip;]<\/p>\n","protected":false},"author":1,"featured_media":0,"parent":0,"menu_order":0,"comment_status":"closed","ping_status":"closed","template":"elementor_header_footer","meta":{"ocean_post_layout":"","ocean_both_sidebars_style":"","ocean_both_sidebars_content_width":0,"ocean_both_sidebars_sidebars_width":0,"ocean_sidebar":"","ocean_second_sidebar":"","ocean_disable_margins":"enable","ocean_add_body_class":"","ocean_shortcode_before_top_bar":"","ocean_shortcode_after_top_bar":"","ocean_shortcode_before_header":"","ocean_shortcode_after_header":"","ocean_has_shortcode":"","ocean_shortcode_after_title":"","ocean_shortcode_before_footer_widgets":"","ocean_shortcode_after_footer_widgets":"","ocean_shortcode_before_footer_bottom":"","ocean_shortcode_after_footer_bottom":"","ocean_display_top_bar":"default","ocean_display_header":"default","ocean_header_style":"","ocean_center_header_left_menu":"","ocean_custom_header_template":"","ocean_custom_logo":0,"ocean_custom_retina_logo":0,"ocean_custom_logo_max_width":0,"ocean_custom_logo_tablet_max_width":0,"ocean_custom_logo_mobile_max_width":0,"ocean_custom_logo_max_height":0,"ocean_custom_logo_tablet_max_height":0,"ocean_custom_logo_mobile_max_height":0,"ocean_header_custom_menu":"","ocean_menu_typo_font_family":"","ocean_menu_typo_font_subset":"","ocean_menu_typo_font_size":0,"ocean_menu_typo_font_size_tablet":0,"ocean_menu_typo_font_size_mobile":0,"ocean_menu_typo_font_size_unit":"px","ocean_menu_typo_font_weight":"","ocean_menu_typo_font_weight_tablet":"","ocean_menu_typo_font_weight_mobile":"","ocean_menu_typo_transform":"","ocean_menu_typo_transform_tablet":"","ocean_menu_typo_transform_mobile":"","ocean_menu_typo_line_height":0,"ocean_menu_typo_line_height_tablet":0,"ocean_menu_typo_line_height_mobile":0,"ocean_menu_typo_line_height_unit":"","ocean_menu_typo_spacing":0,"ocean_menu_typo_spacing_tablet":0,"ocean_menu_typo_spacing_mobile":0,"ocean_menu_typo_spacing_unit":"","ocean_menu_link_color":"","ocean_menu_link_color_hover":"","ocean_menu_link_color_active":"","ocean_menu_link_background":"","ocean_menu_link_hover_background":"","ocean_menu_link_active_background":"","ocean_menu_social_links_bg":"","ocean_menu_social_hover_links_bg":"","ocean_menu_social_links_color":"","ocean_menu_social_hover_links_color":"","ocean_disable_title":"on","ocean_disable_heading":"default","ocean_post_title":"","ocean_post_subheading":"","ocean_post_title_style":"","ocean_post_title_background_color":"","ocean_post_title_background":0,"ocean_post_title_bg_image_position":"","ocean_post_title_bg_image_attachment":"","ocean_post_title_bg_image_repeat":"","ocean_post_title_bg_image_size":"","ocean_post_title_height":0,"ocean_post_title_bg_overlay":0.5,"ocean_post_title_bg_overlay_color":"","ocean_disable_breadcrumbs":"default","ocean_breadcrumbs_color":"","ocean_breadcrumbs_separator_color":"","ocean_breadcrumbs_links_color":"","ocean_breadcrumbs_links_hover_color":"","ocean_display_footer_widgets":"default","ocean_display_footer_bottom":"default","ocean_custom_footer_template":"","footnotes":""},"class_list":["post-2315","page","type-page","status-publish","hentry","entry"],"yoast_head":"<!-- This site is optimized with the Yoast SEO plugin v27.1.1 - https:\/\/yoast.com\/product\/yoast-seo-wordpress\/ -->\n<title>Como se associar - PCI<\/title>\n<meta name=\"robots\" content=\"index, follow, max-snippet:-1, max-image-preview:large, max-video-preview:-1\" \/>\n<link rel=\"canonical\" href=\"https:\/\/pcimt.org\/en\/como-se-associar\/\" \/>\n<meta property=\"og:locale\" content=\"en_US\" \/>\n<meta property=\"og:type\" content=\"article\" \/>\n<meta property=\"og:title\" content=\"Como se associar - PCI\" \/>\n<meta property=\"og:description\" content=\"Com o apoio e investimentos adequados, a estrat\u00e9gia PCI pode produzir 6 Gt\/CO2 de redu\u00e7\u00f5es de emiss\u00f5es e remo\u00e7\u00f5es at\u00e9 2030 Associe-se Como se associar Qualquer institui\u00e7\u00e3o atuando em Mato Grosso em atividades relacionadas diretamente \u00e0 implementa\u00e7\u00e3o das metas da PCI pode solicitar Associa\u00e7\u00e3o ao Instituto PCI.O Estatuto do Instituto prev\u00ea que seu Conselho de [&hellip;]\" \/>\n<meta property=\"og:url\" content=\"https:\/\/pcimt.org\/en\/como-se-associar\/\" \/>\n<meta property=\"og:site_name\" content=\"PCI\" \/>\n<meta property=\"article:modified_time\" content=\"2025-02-20T13:46:47+00:00\" \/>\n<meta property=\"og:image\" content=\"http:\/\/pcimt.org\/wp-content\/uploads\/2024\/06\/icon-pci.webp\" \/>\n<meta name=\"twitter:card\" content=\"summary_large_image\" \/>\n<meta name=\"twitter:label1\" content=\"Est. reading time\" \/>\n\t<meta name=\"twitter:data1\" content=\"1 minute\" \/>\n<script type=\"application\/ld+json\" class=\"yoast-schema-graph\">{\"@context\":\"https:\/\/schema.org\",\"@graph\":[{\"@type\":\"WebPage\",\"@id\":\"https:\/\/pcimt.org\/como-se-associar\/\",\"url\":\"https:\/\/pcimt.org\/como-se-associar\/\",\"name\":\"Como se associar - PCI\",\"isPartOf\":{\"@id\":\"http:\/\/pcimt.org\/#website\"},\"primaryImageOfPage\":{\"@id\":\"https:\/\/pcimt.org\/como-se-associar\/#primaryimage\"},\"image\":{\"@id\":\"https:\/\/pcimt.org\/como-se-associar\/#primaryimage\"},\"thumbnailUrl\":\"http:\/\/pcimt.org\/wp-content\/uploads\/2024\/06\/icon-pci.webp\",\"datePublished\":\"2024-06-09T21:06:06+00:00\",\"dateModified\":\"2025-02-20T13:46:47+00:00\",\"breadcrumb\":{\"@id\":\"https:\/\/pcimt.org\/como-se-associar\/#breadcrumb\"},\"inLanguage\":\"en-US\",\"potentialAction\":[{\"@type\":\"ReadAction\",\"target\":[\"https:\/\/pcimt.org\/como-se-associar\/\"]}]},{\"@type\":\"ImageObject\",\"inLanguage\":\"en-US\",\"@id\":\"https:\/\/pcimt.org\/como-se-associar\/#primaryimage\",\"url\":\"http:\/\/pcimt.org\/wp-content\/uploads\/2024\/06\/icon-pci.webp\",\"contentUrl\":\"http:\/\/pcimt.org\/wp-content\/uploads\/2024\/06\/icon-pci.webp\"},{\"@type\":\"BreadcrumbList\",\"@id\":\"https:\/\/pcimt.org\/como-se-associar\/#breadcrumb\",\"itemListElement\":[{\"@type\":\"ListItem\",\"position\":1,\"name\":\"In\u00edcio\",\"item\":\"https:\/\/pcimt.org\/\"},{\"@type\":\"ListItem\",\"position\":2,\"name\":\"Como se associar\"}]},{\"@type\":\"WebSite\",\"@id\":\"http:\/\/pcimt.org\/#website\",\"url\":\"http:\/\/pcimt.org\/\",\"name\":\"PCI\",\"description\":\"Produzir, Conservar e Incluir\",\"potentialAction\":[{\"@type\":\"SearchAction\",\"target\":{\"@type\":\"EntryPoint\",\"urlTemplate\":\"http:\/\/pcimt.org\/?s={search_term_string}\"},\"query-input\":{\"@type\":\"PropertyValueSpecification\",\"valueRequired\":true,\"valueName\":\"search_term_string\"}}],\"inLanguage\":\"en-US\"}]}<\/script>\n<!-- \/ Yoast SEO plugin. -->","yoast_head_json":{"title":"Como se associar - PCI","robots":{"index":"index","follow":"follow","max-snippet":"max-snippet:-1","max-image-preview":"max-image-preview:large","max-video-preview":"max-video-preview:-1"},"canonical":"https:\/\/pcimt.org\/en\/como-se-associar\/","og_locale":"en_US","og_type":"article","og_title":"Como se associar - PCI","og_description":"Com o apoio e investimentos adequados, a estrat\u00e9gia PCI pode produzir 6 Gt\/CO2 de redu\u00e7\u00f5es de emiss\u00f5es e remo\u00e7\u00f5es at\u00e9 2030 Associe-se Como se associar Qualquer institui\u00e7\u00e3o atuando em Mato Grosso em atividades relacionadas diretamente \u00e0 implementa\u00e7\u00e3o das metas da PCI pode solicitar Associa\u00e7\u00e3o ao Instituto PCI.O Estatuto do Instituto prev\u00ea que seu Conselho de [&hellip;]","og_url":"https:\/\/pcimt.org\/en\/como-se-associar\/","og_site_name":"PCI","article_modified_time":"2025-02-20T13:46:47+00:00","og_image":[{"url":"http:\/\/pcimt.org\/wp-content\/uploads\/2024\/06\/icon-pci.webp","type":"","width":"","height":""}],"twitter_card":"summary_large_image","twitter_misc":{"Est. reading time":"1 minute"},"schema":{"@context":"https:\/\/schema.org","@graph":[{"@type":"WebPage","@id":"https:\/\/pcimt.org\/como-se-associar\/","url":"https:\/\/pcimt.org\/como-se-associar\/","name":"Como se associar - PCI","isPartOf":{"@id":"http:\/\/pcimt.org\/#website"},"primaryImageOfPage":{"@id":"https:\/\/pcimt.org\/como-se-associar\/#primaryimage"},"image":{"@id":"https:\/\/pcimt.org\/como-se-associar\/#primaryimage"},"thumbnailUrl":"http:\/\/pcimt.org\/wp-content\/uploads\/2024\/06\/icon-pci.webp","datePublished":"2024-06-09T21:06:06+00:00","dateModified":"2025-02-20T13:46:47+00:00","breadcrumb":{"@id":"https:\/\/pcimt.org\/como-se-associar\/#breadcrumb"},"inLanguage":"en-US","potentialAction":[{"@type":"ReadAction","target":["https:\/\/pcimt.org\/como-se-associar\/"]}]},{"@type":"ImageObject","inLanguage":"en-US","@id":"https:\/\/pcimt.org\/como-se-associar\/#primaryimage","url":"http:\/\/pcimt.org\/wp-content\/uploads\/2024\/06\/icon-pci.webp","contentUrl":"http:\/\/pcimt.org\/wp-content\/uploads\/2024\/06\/icon-pci.webp"},{"@type":"BreadcrumbList","@id":"https:\/\/pcimt.org\/como-se-associar\/#breadcrumb","itemListElement":[{"@type":"ListItem","position":1,"name":"In\u00edcio","item":"https:\/\/pcimt.org\/"},{"@type":"ListItem","position":2,"name":"Como se associar"}]},{"@type":"WebSite","@id":"http:\/\/pcimt.org\/#website","url":"http:\/\/pcimt.org\/","name":"The PCI","description":"Produce, Conserve and Include","potentialAction":[{"@type":"SearchAction","target":{"@type":"EntryPoint","urlTemplate":"http:\/\/pcimt.org\/?s={search_term_string}"},"query-input":{"@type":"PropertyValueSpecification","valueRequired":true,"valueName":"search_term_string"}}],"inLanguage":"en-US"}]}},"_links":{"self":[{"href":"https:\/\/pcimt.org\/en\/wp-json\/wp\/v2\/pages\/2315","targetHints":{"allow":["GET"]}}],"collection":[{"href":"https:\/\/pcimt.org\/en\/wp-json\/wp\/v2\/pages"}],"about":[{"href":"https:\/\/pcimt.org\/en\/wp-json\/wp\/v2\/types\/page"}],"author":[{"embeddable":true,"href":"https:\/\/pcimt.org\/en\/wp-json\/wp\/v2\/users\/1"}],"replies":[{"embeddable":true,"href":"https:\/\/pcimt.org\/en\/wp-json\/wp\/v2\/comments?post=2315"}],"version-history":[{"count":22,"href":"https:\/\/pcimt.org\/en\/wp-json\/wp\/v2\/pages\/2315\/revisions"}],"predecessor-version":[{"id":3527,"href":"https:\/\/pcimt.org\/en\/wp-json\/wp\/v2\/pages\/2315\/revisions\/3527"}],"wp:attachment":[{"href":"https:\/\/pcimt.org\/en\/wp-json\/wp\/v2\/media?parent=2315"}],"curies":[{"name":"wp","href":"https:\/\/api.w.org\/{rel}","templated":true}]}}